{"id":106,"date":"2010-08-08T20:54:30","date_gmt":"2010-08-08T18:54:30","guid":{"rendered":"http:\/\/www.yellowstorm.de\/content\/?page_id=106"},"modified":"2024-12-15T23:56:06","modified_gmt":"2024-12-15T21:56:06","slug":"eifelrennen-2008","status":"publish","type":"page","link":"https:\/\/www.yellowstorm.de\/content\/?page_id=106","title":{"rendered":"Eifelrennen 2008"},"content":{"rendered":"<p>Nachdem der Commodore in diesem Jahr nicht zum Einsatz kam, schaffte wir als mit einem Gaststart bei als zweiter Fahrer bei Niermann Racing doch noch ein vers\u00f6hnliches Ende der Saison. Zusammen mit Klaus Niermann startete Stefan Vollmer mit dem Alfa Romeo Junior bei dem wiederaufgelegten Eifelrennen. Die 400 km auf der Nordschleife werden jetzt f\u00fcr klassische Automobile ausgeschrieben und so nahmen wir mit dem wiederhergestellten Alfa Romeo daran teil. Das ehemalige Jochen-Rindt-Auto lie\u00df sich wieder wunderbar z\u00fcgig bewegen und machte eine hervorragende Figur auf der Nordschleife. Mit einem f\u00fcnften Platz in der 1600 ccm Klasse bis Baujahr 1971 k\u00f6nnen wir, mit einem Auto von 1965, sehr zufrieden sein.<\/p>\n<p><img decoding=\"async\" src=\"http:\/\/www.yellowstorm.de\/rennsport\/assets\/images\/alfa.jpg\" alt=\"Alfa\" \/><\/p>\n<p>&nbsp;<\/p>\n","protected":false},"excerpt":{"rendered":"<p>Nachdem der Commodore in diesem Jahr nicht zum Einsatz kam, schaffte wir als mit einem Gaststart bei als zweiter Fahrer bei Niermann Racing doch noch ein vers\u00f6hnliches Ende der Saison. Zusammen mit Klaus Niermann startete Stefan Vollmer mit dem Alfa Romeo Junior bei dem wiederaufgelegten Eifelrennen. Die 400 km auf der Nordschleife werden jetzt f\u00fcr &hellip; <a href=\"https:\/\/www.yellowstorm.de\/content\/?page_id=106\" class=\"more-link\"><span class=\"screen-reader-text\">\u201eEifelrennen 2008\u201c <\/span>weiterlesen<\/a><\/p>\n","protected":false},"author":1,"featured_media":0,"parent":99,"menu_order":4,"comment_status":"closed","ping_status":"closed","template":"","meta":{"footnotes":""},"class_list":["post-106","page","type-page","status-publish","hentry"],"_links":{"self":[{"href":"https:\/\/www.yellowstorm.de\/content\/index.php?rest_route=\/wp\/v2\/pages\/106","targetHints":{"allow":["GET"]}}],"collection":[{"href":"https:\/\/www.yellowstorm.de\/content\/index.php?rest_route=\/wp\/v2\/pages"}],"about":[{"href":"https:\/\/www.yellowstorm.de\/content\/index.php?rest_route=\/wp\/v2\/types\/page"}],"author":[{"embeddable":true,"href":"https:\/\/www.yellowstorm.de\/content\/index.php?rest_route=\/wp\/v2\/users\/1"}],"replies":[{"embeddable":true,"href":"https:\/\/www.yellowstorm.de\/content\/index.php?rest_route=%2Fwp%2Fv2%2Fcomments&post=106"}],"version-history":[{"count":0,"href":"https:\/\/www.yellowstorm.de\/content\/index.php?rest_route=\/wp\/v2\/pages\/106\/revisions"}],"up":[{"embeddable":true,"href":"https:\/\/www.yellowstorm.de\/content\/index.php?rest_route=\/wp\/v2\/pages\/99"}],"wp:attachment":[{"href":"https:\/\/www.yellowstorm.de\/content\/index.php?rest_route=%2Fwp%2Fv2%2Fmedia&parent=106"}],"curies":[{"name":"wp","href":"https:\/\/api.w.org\/{rel}","templated":true}]}}