{"id":112,"date":"2010-08-08T22:03:19","date_gmt":"2010-08-08T20:03:19","guid":{"rendered":"http:\/\/www.yellowstorm.de\/content\/?page_id=112"},"modified":"2024-11-08T21:35:53","modified_gmt":"2024-11-08T19:35:53","slug":"zolder-2006","status":"publish","type":"page","link":"https:\/\/www.yellowstorm.de\/content\/?page_id=112","title":{"rendered":"Zolder 2006"},"content":{"rendered":"<p>Das Rennwochenende war wie gehabt belgisch abwechslungsreich.<br \/>\nBei der Hinfahrt war bis zur holl\u00e4ndischen Grenze alles trocken. In Belgien angekommen regnete es ohne Unterlass &#8211; und das wo wir ganz auf Trockenheit eingestellt waren. Unsere Regenreifen w\u00fcrden nur noch eine Sitzung \u00fcberstehen. Um es vorweg zunehmen sowohl das Training als auch das Rennen war eine Angelegenheit f\u00fcr die Slicks.<br \/>\nNachdem im Training alles reibungslos verlief ging es aus dem vorderen Mittelfeld ins Rennen.<br \/>\nDer Start verlief zu unserer vollsten Zufriedenheit . Wir konnten gleich mehrere Pl\u00e4tze gut machen und konnten uns ohne Feindkontakte und technische Defekte bis unter die Top 10 vork\u00e4mpfen .<br \/>\nAm Ende h\u00e4tte das Platz 9 im Gesamten und Platz 2 in der Klasse bedeutet. Jawohl &#8222;h\u00e4tte&#8220;, denn wieder einmal gab es Probleme mit der Zeitnahme, ein belgisches Ph\u00e4nomen .<br \/>\nNach Auswertung unseres Videos und aller Fakten war klar: unser Commodore wurde eine Runde zu sp\u00e4t abgewunken und verlor somit f\u00fcnf Pl\u00e4tze im Gesamtklassement, sowie den zweiten Platz in der Klasse.<\/p>\n<p><img decoding=\"async\" src=\"http:\/\/www.yellowstorm.de\/rennsport\/assets\/images\/Zolder004.jpg\" \/> <img decoding=\"async\" src=\"http:\/\/www.yellowstorm.de\/rennsport\/assets\/images\/Zolder001.jpg\" \/><br \/>\n1. Qualifying zwar noch unter feuchten Bedingungen &#8211; trotzdem konnten Slicks verwendet werden.<br \/>\n<img decoding=\"async\" src=\"http:\/\/www.yellowstorm.de\/rennsport\/assets\/images\/Zolder009.jpg\" \/> <img decoding=\"async\" src=\"http:\/\/www.yellowstorm.de\/rennsport\/assets\/images\/Zolder006.jpg\" \/><br \/>\nBilder vom 2. Qualifying<br \/>\n<img decoding=\"async\" src=\"http:\/\/www.yellowstorm.de\/rennsport\/assets\/images\/Zolder012.jpg\" \/> <img decoding=\"async\" src=\"http:\/\/www.yellowstorm.de\/rennsport\/assets\/images\/Zolder016.jpg\" \/><br \/>\n<img decoding=\"async\" src=\"http:\/\/www.yellowstorm.de\/rennsport\/assets\/images\/Zolder019.jpg\" \/> <img decoding=\"async\" src=\"http:\/\/www.yellowstorm.de\/rennsport\/assets\/images\/Zolder022.jpg\" \/><br \/>\n<img decoding=\"async\" src=\"http:\/\/www.yellowstorm.de\/rennsport\/assets\/images\/Zolder024.jpg\" \/> <img decoding=\"async\" src=\"http:\/\/www.yellowstorm.de\/rennsport\/assets\/images\/Zolder026.jpg\" \/><br \/>\nImpressionen vom Rennen<\/p>\n<p><a href=\"?page_id=113\">Videos zum Rennen<\/a><\/p>\n","protected":false},"excerpt":{"rendered":"<p>Das Rennwochenende war wie gehabt belgisch abwechslungsreich. Bei der Hinfahrt war bis zur holl\u00e4ndischen Grenze alles trocken. In Belgien angekommen regnete es ohne Unterlass &#8211; und das wo wir ganz auf Trockenheit eingestellt waren. Unsere Regenreifen w\u00fcrden nur noch eine Sitzung \u00fcberstehen. Um es vorweg zunehmen sowohl das Training als auch das Rennen war eine &hellip; <a href=\"https:\/\/www.yellowstorm.de\/content\/?page_id=112\" class=\"more-link\"><span class=\"screen-reader-text\">\u201eZolder 2006\u201c <\/span>weiterlesen<\/a><\/p>\n","protected":false},"author":1,"featured_media":0,"parent":99,"menu_order":9,"comment_status":"closed","ping_status":"closed","template":"","meta":{"footnotes":""},"class_list":["post-112","page","type-page","status-publish","hentry"],"_links":{"self":[{"href":"https:\/\/www.yellowstorm.de\/content\/index.php?rest_route=\/wp\/v2\/pages\/112","targetHints":{"allow":["GET"]}}],"collection":[{"href":"https:\/\/www.yellowstorm.de\/content\/index.php?rest_route=\/wp\/v2\/pages"}],"about":[{"href":"https:\/\/www.yellowstorm.de\/content\/index.php?rest_route=\/wp\/v2\/types\/page"}],"author":[{"embeddable":true,"href":"https:\/\/www.yellowstorm.de\/content\/index.php?rest_route=\/wp\/v2\/users\/1"}],"replies":[{"embeddable":true,"href":"https:\/\/www.yellowstorm.de\/content\/index.php?rest_route=%2Fwp%2Fv2%2Fcomments&post=112"}],"version-history":[{"count":0,"href":"https:\/\/www.yellowstorm.de\/content\/index.php?rest_route=\/wp\/v2\/pages\/112\/revisions"}],"up":[{"embeddable":true,"href":"https:\/\/www.yellowstorm.de\/content\/index.php?rest_route=\/wp\/v2\/pages\/99"}],"wp:attachment":[{"href":"https:\/\/www.yellowstorm.de\/content\/index.php?rest_route=%2Fwp%2Fv2%2Fmedia&parent=112"}],"curies":[{"name":"wp","href":"https:\/\/api.w.org\/{rel}","templated":true}]}}