{"id":117,"date":"2010-08-08T22:36:02","date_gmt":"2010-08-08T20:36:02","guid":{"rendered":"http:\/\/www.yellowstorm.de\/content\/?page_id=117"},"modified":"2024-11-08T21:44:57","modified_gmt":"2024-11-08T19:44:57","slug":"egons-500-mai-2005","status":"publish","type":"page","link":"https:\/\/www.yellowstorm.de\/content\/?page_id=117","title":{"rendered":"Egons 500 Mai 2005"},"content":{"rendered":"<p>Kurzbericht zu den Egons 500 (Nordschleife N\u00fcrburgring)<\/p>\n<p>Die Egons 500 finden traditionell im Vorfeld des 24-Stunden-Rennens statt.<br \/>\nEs ist ein Langstreckenrennen \u00fcber 500 km und einer der H\u00f6hepunkte der Youngtimer Rennsaison.<br \/>\nWegen der Terminplanung der Formel 1 mu\u00dfte die Veranstaltung rund um das 24-Stunden-Rennen in diesem Jahr auf Anfang Mai vorverlegt werden. So fand dieses Ereignis unter sehr wechselhaften Wetterverh\u00e4ltnissen statt.<br \/>\nDas Training war wechselhaft, verlief aber unfallfrei.<br \/>\nZu Rennbeginn pr\u00e4sentierte sich der Wettergott von seiner launischen Seite. Erst Regen, dann Sonne und 2 Minuten vor dem Start dann ein Wolkenbruch. Damit wurden alle bestraft, die zum Teil noch in der Startaufstellung auf Slicks gewechselt hatten. Wir hatten uns zum Gl\u00fcck f\u00fcr Regenreifen entschieden.<br \/>\nSo lief das Rennen von Anfang an problemlos.<br \/>\nBeim ersten Boxenstopp wurde auf Slicks gewechselt, da es zunehmend trockener wurde.<br \/>\nBeim zweiten Boxenstopp wurde nur noch getankt, denn es blieb bis zum Ende trocken. Der Commodore lief problemlos, es gab keinen Feindkontakt und am Ende einen 2. Platz in der Klasse<br \/>\nAlles in allem ein gelungener Saisonstart.<\/p>\n<p><img decoding=\"async\" src=\"http:\/\/www.yellowstorm.de\/rennsport\/2005-05-06_14-46-46.JPG\" alt=\"\" \/> <img decoding=\"async\" src=\"http:\/\/www.yellowstorm.de\/rennsport\/2005-05-06_14-47-10.JPG\" alt=\"\" \/><br \/>\n<img decoding=\"async\" src=\"http:\/\/www.yellowstorm.de\/rennsport\/2005-05-06_14-52-52.JPG\" alt=\"\" \/> <img decoding=\"async\" src=\"http:\/\/www.yellowstorm.de\/rennsport\/2005-05-06_16-16-03.JPG\" alt=\"\" \/><br \/>\n<img decoding=\"async\" src=\"http:\/\/www.yellowstorm.de\/rennsport\/2005-05-06_16-16-12.JPG\" alt=\"\" \/> <img decoding=\"async\" src=\"http:\/\/www.yellowstorm.de\/rennsport\/2005-05-06_16-17-32.JPG\" alt=\"\" \/><br \/>\n<img decoding=\"async\" src=\"http:\/\/www.yellowstorm.de\/rennsport\/2005-05-06_16-19-09.JPG\" alt=\"\" \/> <img decoding=\"async\" src=\"http:\/\/www.yellowstorm.de\/rennsport\/2005-05-06_16-19-26.JPG\" alt=\"\" \/><\/p>\n<p>&nbsp;<\/p>\n","protected":false},"excerpt":{"rendered":"<p>Kurzbericht zu den Egons 500 (Nordschleife N\u00fcrburgring) Die Egons 500 finden traditionell im Vorfeld des 24-Stunden-Rennens statt. Es ist ein Langstreckenrennen \u00fcber 500 km und einer der H\u00f6hepunkte der Youngtimer Rennsaison. Wegen der Terminplanung der Formel 1 mu\u00dfte die Veranstaltung rund um das 24-Stunden-Rennen in diesem Jahr auf Anfang Mai vorverlegt werden. So fand dieses &hellip; <a href=\"https:\/\/www.yellowstorm.de\/content\/?page_id=117\" class=\"more-link\"><span class=\"screen-reader-text\">\u201eEgons 500 Mai 2005\u201c <\/span>weiterlesen<\/a><\/p>\n","protected":false},"author":1,"featured_media":0,"parent":99,"menu_order":12,"comment_status":"closed","ping_status":"closed","template":"","meta":{"footnotes":""},"class_list":["post-117","page","type-page","status-publish","hentry"],"_links":{"self":[{"href":"https:\/\/www.yellowstorm.de\/content\/index.php?rest_route=\/wp\/v2\/pages\/117","targetHints":{"allow":["GET"]}}],"collection":[{"href":"https:\/\/www.yellowstorm.de\/content\/index.php?rest_route=\/wp\/v2\/pages"}],"about":[{"href":"https:\/\/www.yellowstorm.de\/content\/index.php?rest_route=\/wp\/v2\/types\/page"}],"author":[{"embeddable":true,"href":"https:\/\/www.yellowstorm.de\/content\/index.php?rest_route=\/wp\/v2\/users\/1"}],"replies":[{"embeddable":true,"href":"https:\/\/www.yellowstorm.de\/content\/index.php?rest_route=%2Fwp%2Fv2%2Fcomments&post=117"}],"version-history":[{"count":0,"href":"https:\/\/www.yellowstorm.de\/content\/index.php?rest_route=\/wp\/v2\/pages\/117\/revisions"}],"up":[{"embeddable":true,"href":"https:\/\/www.yellowstorm.de\/content\/index.php?rest_route=\/wp\/v2\/pages\/99"}],"wp:attachment":[{"href":"https:\/\/www.yellowstorm.de\/content\/index.php?rest_route=%2Fwp%2Fv2%2Fmedia&parent=117"}],"curies":[{"name":"wp","href":"https:\/\/api.w.org\/{rel}","templated":true}]}}