{"id":2,"date":"2010-08-03T00:10:09","date_gmt":"2010-08-02T22:10:09","guid":{"rendered":"http:\/\/www.yellowstorm.de\/content\/?page_id=2"},"modified":"2025-02-08T23:02:02","modified_gmt":"2025-02-08T21:02:02","slug":"eine-seite","status":"publish","type":"page","link":"https:\/\/www.yellowstorm.de\/content\/?page_id=2","title":{"rendered":"Impressum"},"content":{"rendered":"<p>Yellowstorm 70th Racing e.V.<br \/>\nHochstra\u00dfe 75<br \/>\n32257 B\u00fcnde<br \/>\nE-Mail:\u00a0<a href=\"mailto:info@yellowstorm.de\">info@yellowstorm.de<\/a><br \/>\nSocial Media: Gerrit Vollmer<br \/>\nFragen und Anregungen zur Gestaltung der Website bitte an <a href=\"mailto:webmaster@yellowstorm.de\">webmaster@yellowstorm.de<\/a><\/p>\n<p>Steuernummer: 310\/5856\/0951<br \/>\nVereinsregister: VR 354 (Amtsgericht B\u00fcnde)<\/p>\n<p>Wir sind ein gemeinn\u00fctziger Verein und freuen uns, wenn Sie unsere Arbeit mit Spenden unterst\u00fctzen wollen.<\/p>\n<p>Bez\u00fcglich externer Links verweisen wir  darauf, dass wir f\u00fcr die Inhalte keinerlei Verantwortung tragen.  Einzelheiten siehe auch unter <a href=\"http:\/\/www.disclaimer.de\/disclaimer.htm\" target=\"_blank\">Disclaimer<\/a><\/p>\n","protected":false},"excerpt":{"rendered":"<p>Yellowstorm 70th Racing e.V. Hochstra\u00dfe 75 32257 B\u00fcnde E-Mail:\u00a0info@yellowstorm.de Social Media: Gerrit Vollmer Fragen und Anregungen zur Gestaltung der Website bitte an webmaster@yellowstorm.de Steuernummer: 310\/5856\/0951 Vereinsregister: VR 354 (Amtsgericht B\u00fcnde) Wir sind ein gemeinn\u00fctziger Verein und freuen uns, wenn Sie unsere Arbeit mit Spenden unterst\u00fctzen wollen. Bez\u00fcglich externer Links verweisen wir darauf, dass wir f\u00fcr &hellip; <a href=\"https:\/\/www.yellowstorm.de\/content\/?page_id=2\" class=\"more-link\"><span class=\"screen-reader-text\">\u201eImpressum\u201c <\/span>weiterlesen<\/a><\/p>\n","protected":false},"author":1,"featured_media":0,"parent":0,"menu_order":6,"comment_status":"closed","ping_status":"closed","template":"","meta":{"footnotes":""},"class_list":["post-2","page","type-page","status-publish","hentry"],"_links":{"self":[{"href":"https:\/\/www.yellowstorm.de\/content\/index.php?rest_route=\/wp\/v2\/pages\/2","targetHints":{"allow":["GET"]}}],"collection":[{"href":"https:\/\/www.yellowstorm.de\/content\/index.php?rest_route=\/wp\/v2\/pages"}],"about":[{"href":"https:\/\/www.yellowstorm.de\/content\/index.php?rest_route=\/wp\/v2\/types\/page"}],"author":[{"embeddable":true,"href":"https:\/\/www.yellowstorm.de\/content\/index.php?rest_route=\/wp\/v2\/users\/1"}],"replies":[{"embeddable":true,"href":"https:\/\/www.yellowstorm.de\/content\/index.php?rest_route=%2Fwp%2Fv2%2Fcomments&post=2"}],"version-history":[{"count":0,"href":"https:\/\/www.yellowstorm.de\/content\/index.php?rest_route=\/wp\/v2\/pages\/2\/revisions"}],"wp:attachment":[{"href":"https:\/\/www.yellowstorm.de\/content\/index.php?rest_route=%2Fwp%2Fv2%2Fmedia&parent=2"}],"curies":[{"name":"wp","href":"https:\/\/api.w.org\/{rel}","templated":true}]}}