{"id":82,"date":"2010-08-08T18:55:06","date_gmt":"2010-08-08T16:55:06","guid":{"rendered":"http:\/\/www.yellowstorm.de\/content\/?page_id=82"},"modified":"2010-08-09T00:11:56","modified_gmt":"2010-08-08T22:11:56","slug":"saisonplan-2009","status":"publish","type":"page","link":"https:\/\/www.yellowstorm.de\/content\/?page_id=82","title":{"rendered":"Saisonplan 2009"},"content":{"rendered":"<table width=\"100%\">\n<tbody>\n<tr>\n<td>Datum<\/td>\n<td>Rennstrecke<\/td>\n<td>Bemerkungen<\/td>\n<\/tr>\n<tr>\n<td>21.-24. Mai 2009<\/td>\n<td><a href=\"?page_id=104\">N\u00fcrburgring Nordschleife<\/a><\/td>\n<td>ADAC 24h-Classic<br \/>\n3 h Rennen<\/td>\n<\/tr>\n<tr><\/tbody>\n<\/table>\n<p>Nach einem entt\u00e4uschenden  Jahr 2008 wollten wir in diesem Jahr wieder deutlich aktiver sein. Durch  die Zusammenarbeit mit mehreren Partnern standen uns im Gegensatz zu  den Vorjahren zwar f\u00fcr diese Saison mehrere Fahrzeuge zur Verf\u00fcgung.  Leider haben uns unvorhergesehene Probleme zur\u00fcckgeworfen, so dass wir  uns entschieden haben, erst im kommenden Jahr den Rennbetrieb wieder  aufnehmen k\u00f6nnen. Im kommenden Jahr wollen wir dann mit den technisch  \u00fcberarbeiteten Fahrzeugen wieder in den Rennbetrieb einsteigen.<\/p>\n","protected":false},"excerpt":{"rendered":"<p>Datum Rennstrecke Bemerkungen 21.-24. Mai 2009 N\u00fcrburgring Nordschleife ADAC 24h-Classic 3 h Rennen Nach einem entt\u00e4uschenden Jahr 2008 wollten wir in diesem Jahr wieder deutlich aktiver sein. Durch die Zusammenarbeit mit mehreren Partnern standen uns im Gegensatz zu den Vorjahren zwar f\u00fcr diese Saison mehrere Fahrzeuge zur Verf\u00fcgung. Leider haben uns unvorhergesehene Probleme zur\u00fcckgeworfen, so &hellip; <a href=\"https:\/\/www.yellowstorm.de\/content\/?page_id=82\" class=\"more-link\"><span class=\"screen-reader-text\">\u201eSaisonplan 2009\u201c <\/span>weiterlesen<\/a><\/p>\n","protected":false},"author":1,"featured_media":0,"parent":8,"menu_order":3,"comment_status":"closed","ping_status":"closed","template":"","meta":{"footnotes":""},"class_list":["post-82","page","type-page","status-publish","hentry"],"_links":{"self":[{"href":"https:\/\/www.yellowstorm.de\/content\/index.php?rest_route=\/wp\/v2\/pages\/82","targetHints":{"allow":["GET"]}}],"collection":[{"href":"https:\/\/www.yellowstorm.de\/content\/index.php?rest_route=\/wp\/v2\/pages"}],"about":[{"href":"https:\/\/www.yellowstorm.de\/content\/index.php?rest_route=\/wp\/v2\/types\/page"}],"author":[{"embeddable":true,"href":"https:\/\/www.yellowstorm.de\/content\/index.php?rest_route=\/wp\/v2\/users\/1"}],"replies":[{"embeddable":true,"href":"https:\/\/www.yellowstorm.de\/content\/index.php?rest_route=%2Fwp%2Fv2%2Fcomments&post=82"}],"version-history":[{"count":0,"href":"https:\/\/www.yellowstorm.de\/content\/index.php?rest_route=\/wp\/v2\/pages\/82\/revisions"}],"up":[{"embeddable":true,"href":"https:\/\/www.yellowstorm.de\/content\/index.php?rest_route=\/wp\/v2\/pages\/8"}],"wp:attachment":[{"href":"https:\/\/www.yellowstorm.de\/content\/index.php?rest_route=%2Fwp%2Fv2%2Fmedia&parent=82"}],"curies":[{"name":"wp","href":"https:\/\/api.w.org\/{rel}","templated":true}]}}