{"id":83,"date":"2010-08-08T18:58:10","date_gmt":"2010-08-08T16:58:10","guid":{"rendered":"http:\/\/www.yellowstorm.de\/content\/?page_id=83"},"modified":"2010-08-08T23:58:59","modified_gmt":"2010-08-08T21:58:59","slug":"saisonplan-2008","status":"publish","type":"page","link":"https:\/\/www.yellowstorm.de\/content\/?page_id=83","title":{"rendered":"Saisonplan 2008"},"content":{"rendered":"<table width=\"100%\">\n<tbody>\n<tr>\n<td>Datum<\/td>\n<td>Rennstrecke<\/td>\n<td>Bemerkungen<\/td>\n<\/tr>\n<tr>\n<td>26.-28. September 2008<\/td>\n<td><a href=\"?page_id=106\">N\u00fcrburgring<br \/>\nEifelrennen 2008<\/a><\/td>\n<td>Teilnahme als 2. Fahrer bei Niermann Racing<\/td>\n<\/tr>\n<tr>\n<td>26. Oktober 2008<\/td>\n<td><a href=\"?page_id=105\">Oschersleben<\/a><\/td>\n<td>Testrennen Gaststarter<\/td>\n<\/tr>\n<\/tbody>\n<\/table>\n<p>Aus zeitlichen und privaten Gr\u00fcnden mussten wir diese Saison mit dem Rennsport auszusetzen.<br \/>\nF\u00fcr  das n\u00e4chste Jahr ist dann geplant, ein zus\u00e4tzliches Gruppe 1 Fahrzeug  einzusetzen, dass dann von einem Gastfahrer gesteuert wird.<\/p>\n","protected":false},"excerpt":{"rendered":"<p>Datum Rennstrecke Bemerkungen 26.-28. September 2008 N\u00fcrburgring Eifelrennen 2008 Teilnahme als 2. Fahrer bei Niermann Racing 26. Oktober 2008 Oschersleben Testrennen Gaststarter Aus zeitlichen und privaten Gr\u00fcnden mussten wir diese Saison mit dem Rennsport auszusetzen. F\u00fcr das n\u00e4chste Jahr ist dann geplant, ein zus\u00e4tzliches Gruppe 1 Fahrzeug einzusetzen, dass dann von einem Gastfahrer gesteuert wird.<\/p>\n","protected":false},"author":1,"featured_media":0,"parent":8,"menu_order":4,"comment_status":"closed","ping_status":"closed","template":"","meta":{"footnotes":""},"class_list":["post-83","page","type-page","status-publish","hentry"],"_links":{"self":[{"href":"https:\/\/www.yellowstorm.de\/content\/index.php?rest_route=\/wp\/v2\/pages\/83","targetHints":{"allow":["GET"]}}],"collection":[{"href":"https:\/\/www.yellowstorm.de\/content\/index.php?rest_route=\/wp\/v2\/pages"}],"about":[{"href":"https:\/\/www.yellowstorm.de\/content\/index.php?rest_route=\/wp\/v2\/types\/page"}],"author":[{"embeddable":true,"href":"https:\/\/www.yellowstorm.de\/content\/index.php?rest_route=\/wp\/v2\/users\/1"}],"replies":[{"embeddable":true,"href":"https:\/\/www.yellowstorm.de\/content\/index.php?rest_route=%2Fwp%2Fv2%2Fcomments&post=83"}],"version-history":[{"count":0,"href":"https:\/\/www.yellowstorm.de\/content\/index.php?rest_route=\/wp\/v2\/pages\/83\/revisions"}],"up":[{"embeddable":true,"href":"https:\/\/www.yellowstorm.de\/content\/index.php?rest_route=\/wp\/v2\/pages\/8"}],"wp:attachment":[{"href":"https:\/\/www.yellowstorm.de\/content\/index.php?rest_route=%2Fwp%2Fv2%2Fmedia&parent=83"}],"curies":[{"name":"wp","href":"https:\/\/api.w.org\/{rel}","templated":true}]}}