{"id":84,"date":"2010-08-08T19:01:08","date_gmt":"2010-08-08T17:01:08","guid":{"rendered":"http:\/\/www.yellowstorm.de\/content\/?page_id=84"},"modified":"2010-08-09T00:05:50","modified_gmt":"2010-08-08T22:05:50","slug":"saisonplan-2007","status":"publish","type":"page","link":"https:\/\/www.yellowstorm.de\/content\/?page_id=84","title":{"rendered":"Saisonplan 2007"},"content":{"rendered":"<table width=\"100%\">\n<tbody>\n<tr>\n<td>Datum<\/td>\n<td>Rennstrecke<\/td>\n<td>Bemerkungen<\/td>\n<\/tr>\n<tr>\n<td>06. &#8211; 08. Juni 2007<\/td>\n<td><a href=\"?page_id=107\">N\u00fcrburgring<br \/>\nNordschleife u. GP Kurs<\/a><\/td>\n<td>ADAC Chevy \u201cEgons 500\u201d<br \/>\n500 km Rennen (Youngtimer Trophy)<\/td>\n<\/tr>\n<\/tbody>\n<\/table>\n<p>Saisonfazit und Ausblick auf 2008:<br \/>\nDie  diesj\u00e4hrige Saison verlief f\u00fcr uns sportlich entt\u00e4uschend. Da sich der  Umbau des Rennfahrzeugs l\u00e4nger hinzog als urspr\u00fcnglich geplant, begann  die Saison erst mit den Egons 500. Nach diversen Problemen reichte es  dort nur zum 3. Platz in der Klassenwertung. Aus zeitlichen Gr\u00fcnden war  es uns danach nicht mehr m\u00f6glich, das Fahrzeug in weiteren Rennen  einzusetzen, so dass die Egons 500 das einzige Rennen in diesem Jahr  blieben<\/p>\n","protected":false},"excerpt":{"rendered":"<p>Datum Rennstrecke Bemerkungen 06. &#8211; 08. Juni 2007 N\u00fcrburgring Nordschleife u. GP Kurs ADAC Chevy \u201cEgons 500\u201d 500 km Rennen (Youngtimer Trophy) Saisonfazit und Ausblick auf 2008: Die diesj\u00e4hrige Saison verlief f\u00fcr uns sportlich entt\u00e4uschend. Da sich der Umbau des Rennfahrzeugs l\u00e4nger hinzog als urspr\u00fcnglich geplant, begann die Saison erst mit den Egons 500. Nach &hellip; <a href=\"https:\/\/www.yellowstorm.de\/content\/?page_id=84\" class=\"more-link\"><span class=\"screen-reader-text\">\u201eSaisonplan 2007\u201c <\/span>weiterlesen<\/a><\/p>\n","protected":false},"author":1,"featured_media":0,"parent":8,"menu_order":5,"comment_status":"closed","ping_status":"closed","template":"","meta":{"footnotes":""},"class_list":["post-84","page","type-page","status-publish","hentry"],"_links":{"self":[{"href":"https:\/\/www.yellowstorm.de\/content\/index.php?rest_route=\/wp\/v2\/pages\/84","targetHints":{"allow":["GET"]}}],"collection":[{"href":"https:\/\/www.yellowstorm.de\/content\/index.php?rest_route=\/wp\/v2\/pages"}],"about":[{"href":"https:\/\/www.yellowstorm.de\/content\/index.php?rest_route=\/wp\/v2\/types\/page"}],"author":[{"embeddable":true,"href":"https:\/\/www.yellowstorm.de\/content\/index.php?rest_route=\/wp\/v2\/users\/1"}],"replies":[{"embeddable":true,"href":"https:\/\/www.yellowstorm.de\/content\/index.php?rest_route=%2Fwp%2Fv2%2Fcomments&post=84"}],"version-history":[{"count":0,"href":"https:\/\/www.yellowstorm.de\/content\/index.php?rest_route=\/wp\/v2\/pages\/84\/revisions"}],"up":[{"embeddable":true,"href":"https:\/\/www.yellowstorm.de\/content\/index.php?rest_route=\/wp\/v2\/pages\/8"}],"wp:attachment":[{"href":"https:\/\/www.yellowstorm.de\/content\/index.php?rest_route=%2Fwp%2Fv2%2Fmedia&parent=84"}],"curies":[{"name":"wp","href":"https:\/\/api.w.org\/{rel}","templated":true}]}}